{"id":29162,"date":"2025-10-26T13:55:20","date_gmt":"2025-10-26T13:55:20","guid":{"rendered":"https:\/\/famous-shoes.com\/?post_type=product&#038;p=29162"},"modified":"2025-11-26T15:03:09","modified_gmt":"2025-11-26T15:03:09","slug":"bikkembergs","status":"publish","type":"product","link":"https:\/\/famous-shoes.com\/?product=bikkembergs","title":{"rendered":"Bikkembergs"},"content":{"rendered":"<table>\n<tbody>\n<tr>\n<td><span dir=\"auto\">Code produit:<\/span><\/td>\n<td class=\"js_prid\"><span dir=\"auto\">173713<\/span><\/td>\n<\/tr>\n<tr>\n<td><span dir=\"auto\">Article:<\/span><\/td>\n<td><span dir=\"auto\">19125\/CPB<\/span><\/td>\n<\/tr>\n<tr>\n<td><span dir=\"auto\">Marque:<\/span><\/td>\n<td><span dir=\"auto\">Bikkembergs<\/span><\/td>\n<\/tr>\n<tr>\n<td><span dir=\"auto\">Pays:<\/span><\/td>\n<td><span dir=\"auto\">Italie<\/span><\/td>\n<\/tr>\n<tr>\n<td><span dir=\"auto\">Couleur:<\/span><\/td>\n<td><span dir=\"auto\">Noir<\/span><\/td>\n<\/tr>\n<tr>\n<td><span dir=\"auto\">Saison:<\/span><\/td>\n<td><span dir=\"auto\">Printemps-\u00c9t\u00e9<\/span><\/td>\n<\/tr>\n<tr>\n<td><span dir=\"auto\">Mat\u00e9riau ext\u00e9rieur:<\/span><\/td>\n<td><span dir=\"auto\">Daim, textile<\/span><\/td>\n<\/tr>\n<tr>\n<td><span dir=\"auto\">Mat\u00e9riau int\u00e9rieur :<\/span><\/td>\n<td><span dir=\"auto\">Textile<\/span><\/td>\n<\/tr>\n<tr>\n<td><span dir=\"auto\">Seul:<\/span><\/td>\n<td><span dir=\"auto\">Caoutchouc<\/span><\/td>\n<\/tr>\n<tr>\n<td><span dir=\"auto\">Semelle int\u00e9rieure:<\/span><\/td>\n<td><span dir=\"auto\">Textile<\/span><\/td>\n<\/tr>\n<tr>\n<td><span dir=\"auto\">Style:<\/span><\/td>\n<td><span dir=\"auto\">Occasionnel<\/span><\/td>\n<\/tr>\n<tr>\n<td><span dir=\"auto\">Type de chaussure:<\/span><\/td>\n<td><span dir=\"auto\">Faible<\/span><\/td>\n<\/tr>\n<tr>\n<td><span dir=\"auto\">Fermeture de chaussure :<\/span><\/td>\n<td><span dir=\"auto\">Lacets<\/span><\/td>\n<\/tr>\n<\/tbody>\n<\/table>\n","protected":false},"excerpt":{"rendered":"<p>Code produit: 173713 Article: 19125\/CPB Marque: Bikkembergs Pays: Italie Couleur: Noir Saison: Printemps-\u00c9t\u00e9 Mat\u00e9riau ext\u00e9rieur: Daim, textile Mat\u00e9riau int\u00e9rieur :<\/p>\n","protected":false},"featured_media":29170,"comment_status":"open","ping_status":"closed","template":"","meta":[],"product_brand":[111],"product_cat":[78,75],"product_tag":[156],"class_list":{"0":"post-29162","1":"product","2":"type-product","3":"status-publish","4":"has-post-thumbnail","6":"product_brand-bikkembergs","7":"product_cat-basket","8":"product_cat-chaussures","9":"product_tag-homme","11":"first","12":"instock","13":"shipping-taxable","14":"purchasable","15":"product-type-variable"},"jetpack_sharing_enabled":true,"_links":{"self":[{"href":"https:\/\/famous-shoes.com\/index.php?rest_route=\/wp\/v2\/product\/29162","targetHints":{"allow":["GET"]}}],"collection":[{"href":"https:\/\/famous-shoes.com\/index.php?rest_route=\/wp\/v2\/product"}],"about":[{"href":"https:\/\/famous-shoes.com\/index.php?rest_route=\/wp\/v2\/types\/product"}],"replies":[{"embeddable":true,"href":"https:\/\/famous-shoes.com\/index.php?rest_route=%2Fwp%2Fv2%2Fcomments&post=29162"}],"version-history":[{"count":1,"href":"https:\/\/famous-shoes.com\/index.php?rest_route=\/wp\/v2\/product\/29162\/revisions"}],"predecessor-version":[{"id":29175,"href":"https:\/\/famous-shoes.com\/index.php?rest_route=\/wp\/v2\/product\/29162\/revisions\/29175"}],"wp:featuredmedia":[{"embeddable":true,"href":"https:\/\/famous-shoes.com\/index.php?rest_route=\/wp\/v2\/media\/29170"}],"wp:attachment":[{"href":"https:\/\/famous-shoes.com\/index.php?rest_route=%2Fwp%2Fv2%2Fmedia&parent=29162"}],"wp:term":[{"taxonomy":"product_brand","embeddable":true,"href":"https:\/\/famous-shoes.com\/index.php?rest_route=%2Fwp%2Fv2%2Fproduct_brand&post=29162"},{"taxonomy":"product_cat","embeddable":true,"href":"https:\/\/famous-shoes.com\/index.php?rest_route=%2Fwp%2Fv2%2Fproduct_cat&post=29162"},{"taxonomy":"product_tag","embeddable":true,"href":"https:\/\/famous-shoes.com\/index.php?rest_route=%2Fwp%2Fv2%2Fproduct_tag&post=29162"}],"curies":[{"name":"wp","href":"https:\/\/api.w.org\/{rel}","templated":true}]}}